{"id":413,"date":"2021-04-20T10:11:31","date_gmt":"2021-04-20T08:11:31","guid":{"rendered":"http:\/\/localhost\/wordpress\/?page_id=413"},"modified":"2021-05-07T20:37:51","modified_gmt":"2021-05-07T20:37:51","slug":"zitate","status":"publish","type":"page","link":"https:\/\/marcbrenken.com\/en\/zitate\/","title":{"rendered":"QUOTES"},"content":{"rendered":"<h3 class=\"has-text-align-center wp-block-heading\"><strong>Press and Radio Quotes<\/strong><\/h3>\n\n\n\n<blockquote class=\"wp-block-quote has-text-align-center is-layout-flow wp-block-quote-is-layout-flow\"><p><em><strong>No matter how Brenken played around the original material, varied it or improvised over it, it was enchanting.<\/strong><\/em><\/p><cite><em>Christoph Giese, Buersche Zeitung<\/em><\/cite><\/blockquote>\n\n\n\n<blockquote class=\"wp-block-quote has-text-align-center is-style-default is-layout-flow wp-block-quote-is-layout-flow\"><p><strong><em>This music rewards repeated listening with the discovery of many new facets. Highly recommended!<\/em><\/strong><\/p><cite><em>Hans-Bernd Kittlaus, Jazz Podium<\/em><\/cite><\/blockquote>\n\n\n\n<blockquote class=\"wp-block-quote has-text-align-center is-style-default is-layout-flow wp-block-quote-is-layout-flow\"><p><strong><em>Brenken effortlessly takes it up with great pianists like Oscar Peterson, without copying their styles. Outrageously good!<\/em><\/strong><\/p><cite><em>Nina Schr\u00f6der, Blue Night Club, das Radio, Bochum<\/em><\/cite><\/blockquote>\n\n\n\n<blockquote class=\"wp-block-quote has-text-align-center is-layout-flow wp-block-quote-is-layout-flow\"><p><em><strong>\"Raus ausm Bett\" (Get Outta Bed), \"Durch den Regen fahren\" (Riding Though the Rain), \"Erbse im Holzhaufen\" (Pea in a Wood Pile) - these are typical titles of compositions by contemporary German jazz musicians. But when they characterize the atmosphere of the music in such an appropriate way, there's only one option left: smile, feel comfortable and let yourself go.<br><\/strong><\/em><\/p><cite><em>Claus Kohlmann, Trend<\/em><\/cite><\/blockquote>\n\n\n\n<blockquote class=\"wp-block-quote has-text-align-center is-style-default is-layout-flow wp-block-quote-is-layout-flow\"><p><strong><em>As unusual as Brenken's body language are his musical short stories \u2013 stories that characterize him as a most enjoyable author.<\/em><\/strong><\/p><cite><em>Klaus-Peter He\u00df, M\u00fcnstersche Zeitung<\/em><\/cite><\/blockquote>\n\n\n\n<blockquote class=\"wp-block-quote has-text-align-center is-style-default is-layout-flow wp-block-quote-is-layout-flow\"><p><strong><em>fabulous piano magic<\/em><\/strong><\/p><cite>S<em>ven Thielmann, WAZ<\/em><\/cite><\/blockquote>\n\n\n\n<blockquote class=\"wp-block-quote has-text-align-center is-style-default is-layout-flow wp-block-quote-is-layout-flow\"><p><em><strong>surprising developments and turning points \u2013 even after listening for a long time<\/strong><br><\/em><\/p><cite><em>Stefan Pieper, JazzZeitung<\/em><\/cite><\/blockquote>\n\n\n\n<blockquote class=\"wp-block-quote has-text-align-center is-style-default is-layout-flow wp-block-quote-is-layout-flow\"><p><strong><em>un jazz d\u2019une autre dimension<\/em><\/strong><\/p><cite><em>Jean-Georges Prince, L\u2019Orient \u2013 Le Jour<\/em><\/cite><\/blockquote>\n\n\n\n<blockquote class=\"wp-block-quote has-text-align-center is-style-default is-layout-flow wp-block-quote-is-layout-flow\"><p><strong><em>honest jazz, rooted in the tradition without quoting it unconsidered (\u2026) an exciting musical journey that offers quite a few discoveries<\/em><\/strong><\/p><cite><em>Stefan Herkenrath, Westf\u00e4lische Nachrichten<\/em><\/cite><\/blockquote>\n\n\n\n<p>&nbsp;<\/p>","protected":false},"excerpt":{"rendered":"<p>Zitate aus Presse und Rundfunk Wie auch immer Brenken das Ausgangsmaterial umspielte, es variierte oder dar\u00fcber improvisierte, war schon hinrei\u00dfend. Christoph Giese, Buersche Zeitung Diese Musik belohnt mehrfaches Anh\u00f6ren mit &#8230; <a title=\"QUOTES\" class=\"read-more\" href=\"https:\/\/marcbrenken.com\/en\/zitate\/\" aria-label=\"Read more about ZITATE\">Read more<\/a><\/p>","protected":false},"author":1,"featured_media":0,"parent":0,"menu_order":0,"comment_status":"closed","ping_status":"closed","template":"","meta":{"footnotes":""},"class_list":["post-413","page","type-page","status-publish"],"_links":{"self":[{"href":"https:\/\/marcbrenken.com\/en\/wp-json\/wp\/v2\/pages\/413","targetHints":{"allow":["GET"]}}],"collection":[{"href":"https:\/\/marcbrenken.com\/en\/wp-json\/wp\/v2\/pages"}],"about":[{"href":"https:\/\/marcbrenken.com\/en\/wp-json\/wp\/v2\/types\/page"}],"author":[{"embeddable":true,"href":"https:\/\/marcbrenken.com\/en\/wp-json\/wp\/v2\/users\/1"}],"replies":[{"embeddable":true,"href":"https:\/\/marcbrenken.com\/en\/wp-json\/wp\/v2\/comments?post=413"}],"version-history":[{"count":1,"href":"https:\/\/marcbrenken.com\/en\/wp-json\/wp\/v2\/pages\/413\/revisions"}],"predecessor-version":[{"id":1001,"href":"https:\/\/marcbrenken.com\/en\/wp-json\/wp\/v2\/pages\/413\/revisions\/1001"}],"wp:attachment":[{"href":"https:\/\/marcbrenken.com\/en\/wp-json\/wp\/v2\/media?parent=413"}],"curies":[{"name":"wp","href":"https:\/\/api.w.org\/{rel}","templated":true}]}}