{"id":323,"date":"2021-04-12T18:23:25","date_gmt":"2021-04-12T16:23:25","guid":{"rendered":"https:\/\/mbjazzpianocom.wordpress.com\/?page_id=193"},"modified":"2025-01-20T15:02:05","modified_gmt":"2025-01-20T14:02:05","slug":"deutsch","status":"publish","type":"page","link":"https:\/\/marcbrenken.com\/en\/deutsch\/","title":{"rendered":"\u00dcBER MARC BRENKEN"},"content":{"rendered":"<h3 class=\"has-text-align-center wp-block-heading\"><strong>About Marc Brenken<\/strong><\/h3>\n\n\n\n<div class=\"wp-block-columns is-layout-flex wp-container-core-columns-is-layout-9d6595d7 wp-block-columns-is-layout-flex\">\n<div class=\"wp-block-column is-layout-flow wp-block-column-is-layout-flow\" style=\"flex-basis:20%\"><\/div>\n\n\n\n<div class=\"wp-block-column is-layout-flow wp-block-column-is-layout-flow\" style=\"flex-basis:25%\">\n<figure class=\"wp-block-image size-large is-style-rounded\"><img loading=\"lazy\" decoding=\"async\" width=\"1024\" height=\"1024\" src=\"http:\/\/wp.marcbrenken.com\/wp-content\/uploads\/2021\/05\/Marc-Brenken-piano-composition-11b-SW-1727SQ-590K-1024x1024.jpg\" alt=\"\" class=\"wp-image-873\" srcset=\"https:\/\/marcbrenken.com\/wp-content\/uploads\/2021\/05\/Marc-Brenken-piano-composition-11b-SW-1727SQ-590K-1024x1024.jpg 1024w, https:\/\/marcbrenken.com\/wp-content\/uploads\/2021\/05\/Marc-Brenken-piano-composition-11b-SW-1727SQ-590K-300x300.jpg 300w, https:\/\/marcbrenken.com\/wp-content\/uploads\/2021\/05\/Marc-Brenken-piano-composition-11b-SW-1727SQ-590K-150x150.jpg 150w, https:\/\/marcbrenken.com\/wp-content\/uploads\/2021\/05\/Marc-Brenken-piano-composition-11b-SW-1727SQ-590K-768x768.jpg 768w, https:\/\/marcbrenken.com\/wp-content\/uploads\/2021\/05\/Marc-Brenken-piano-composition-11b-SW-1727SQ-590K-1536x1536.jpg 1536w, https:\/\/marcbrenken.com\/wp-content\/uploads\/2021\/05\/Marc-Brenken-piano-composition-11b-SW-1727SQ-590K-12x12.jpg 12w, https:\/\/marcbrenken.com\/wp-content\/uploads\/2021\/05\/Marc-Brenken-piano-composition-11b-SW-1727SQ-590K.jpg 1727w\" sizes=\"auto, (max-width: 1024px) 100vw, 1024px\" \/><\/figure>\n<\/div>\n\n\n\n<div class=\"wp-block-column is-layout-flow wp-block-column-is-layout-flow\" style=\"flex-basis:55%\">\n<blockquote class=\"wp-block-quote has-text-align-center is-layout-flow wp-block-quote-is-layout-flow\">\n<p><em><strong>Finding a unique style among countless piano trios truly isn\u2019t easy. However, Brenken seems to be well on the way to putting this feat into action.<\/strong><\/em><\/p>\n<cite><em>Tom Fuchs, Piano News<\/em><\/cite><\/blockquote>\n\n\n\n<p><\/p>\n<\/div>\n\n\n\n<div class=\"wp-block-column is-layout-flow wp-block-column-is-layout-flow\" style=\"flex-basis:20%\"><\/div>\n<\/div>\n\n\n\n<p class=\"has-text-align-center\">Marc Brenken grew up in Northern Germany, started to play the piano at the age of eight and became interested in jazz after listening to Erroll Garner and Oscar Peterson. He studied at Folkwang University of Arts in Essen, Germany and attended master classes by Fred Hersch, Kenny Werner and Richie Beirach.<\/p>\n\n\n\n<p class=\"has-text-align-center\">So far he has released seven albums and has toured throughout Europe, in Lebanon and Mongolia.<\/p>\n\n\n\n<p class=\"has-text-align-center\">In 2011 the Marc Brenken \/ Christian Kappe Quartet won the band competition <em>First Jazz Award Ruhr<\/em>.<\/p>\n\n\n\n<p class=\"has-text-align-center\">In 2013 he founded <em>Jazz for the People,<\/em> a concert series at Katakomben-Theater in Essen, where he plays weekly with various guest musicians. More than 400 concerts have been performed there so far.<\/p>\n\n\n\n<p class=\"has-text-align-center\">Brenken worked with Christian Kappe, Alex Morsey, Marcus Rieck, Matthias Strucken, Tamara Lukasheva, Jens B\u00f6ckamp, Andrea Marcelli, Giacomo Di Benedetto, Jeroen van Vliet, Kristina Fuchs, S\u00f3nnica Yepes, Imke Sp\u00f6ring, Daniela Rothenburg, Johanna Schneider, Charlotte Illinger, Holger Werner, Florian Boos, Ilona Haberkamp, Jean-Yves Braun, Antoine Duijkers, Christoph K\u00f6nig, Matthias Br\u00f6de and many others.<\/p>\n\n\n\n<p class=\"has-text-align-center\">About making music he says: \"You have to feel what you play in order to give something to yourself and to the audience.\"<\/p>","protected":false},"excerpt":{"rendered":"<p>\u00dcber Marc Brenken Unter den unz\u00e4hligen Pianotrios einen eigenen Stil zu finden, ist wahrlich nicht einfach \u2013 Marc Brenken jedoch scheint auf dem besten Wege, dieses Kunstst\u00fcck in die Tat &#8230; <a title=\"\u00dcBER MARC BRENKEN\" class=\"read-more\" href=\"https:\/\/marcbrenken.com\/en\/deutsch\/\" aria-label=\"Read more about \u00dcBER MARC BRENKEN\">Read more<\/a><\/p>","protected":false},"author":1,"featured_media":0,"parent":0,"menu_order":0,"comment_status":"closed","ping_status":"closed","template":"","meta":{"footnotes":""},"class_list":["post-323","page","type-page","status-publish"],"_links":{"self":[{"href":"https:\/\/marcbrenken.com\/en\/wp-json\/wp\/v2\/pages\/323","targetHints":{"allow":["GET"]}}],"collection":[{"href":"https:\/\/marcbrenken.com\/en\/wp-json\/wp\/v2\/pages"}],"about":[{"href":"https:\/\/marcbrenken.com\/en\/wp-json\/wp\/v2\/types\/page"}],"author":[{"embeddable":true,"href":"https:\/\/marcbrenken.com\/en\/wp-json\/wp\/v2\/users\/1"}],"replies":[{"embeddable":true,"href":"https:\/\/marcbrenken.com\/en\/wp-json\/wp\/v2\/comments?post=323"}],"version-history":[{"count":21,"href":"https:\/\/marcbrenken.com\/en\/wp-json\/wp\/v2\/pages\/323\/revisions"}],"predecessor-version":[{"id":1427,"href":"https:\/\/marcbrenken.com\/en\/wp-json\/wp\/v2\/pages\/323\/revisions\/1427"}],"wp:attachment":[{"href":"https:\/\/marcbrenken.com\/en\/wp-json\/wp\/v2\/media?parent=323"}],"curies":[{"name":"wp","href":"https:\/\/api.w.org\/{rel}","templated":true}]}}