{"id":1139,"date":"2023-02-10T13:02:19","date_gmt":"2023-02-10T12:02:19","guid":{"rendered":"https:\/\/marcbrenken.com\/?page_id=1139"},"modified":"2023-02-10T13:25:33","modified_gmt":"2023-02-10T12:25:33","slug":"impressum","status":"publish","type":"page","link":"https:\/\/marcbrenken.com\/en\/impressum\/","title":{"rendered":"LEGAL NOTICE"},"content":{"rendered":"\n<p><\/p>\n\n\n\n<p class=\"has-text-align-center\"><strong>IMPRESSUM<\/strong><\/p>\n\n\n\n<p class=\"has-text-align-center\">Verantwortlicher Betreiber der Webseite https:\/\/marcbrenken.com:<\/p>\n\n\n\n<p class=\"has-text-align-center\">Marc Brenken<\/p>\n\n\n\n<p class=\"has-text-align-center\">c\/o Katakomben-Theater<\/p>\n\n\n\n<p class=\"has-text-align-center\">Girardetstr. 8<\/p>\n\n\n\n<p class=\"has-text-align-center\">45131 Essen<\/p>\n\n\n\n<p class=\"has-text-align-center\">Deutschland<\/p>\n\n\n\n<p class=\"has-text-align-center\">Tel. +49 178 6111163<\/p>\n\n\n\n<p class=\"has-text-align-center\">E-Mail: marc [at] marcbrenken [dot] com<\/p>\n\n\n\n<p><\/p>\n\n\n\n<p><\/p>\n\n\n\n<p class=\"has-text-align-center\"><strong>HAFTUNGSAUSSCHLUSS<\/strong><\/p>\n\n\n\n<h3 class=\"has-text-align-center wp-block-heading\">1. Inhalt des Onlineangebotes<\/h3>\n\n\n\n<p class=\"has-text-align-center\">Der Betreiber \u00fcbernimmt keinerlei Gew\u00e4hr f\u00fcr die Aktualit\u00e4t, Korrektheit, Vollst\u00e4ndigkeit oder Qualit\u00e4t der bereitgestellten Inhalte. S\u00e4mtliche Haftungsanspr\u00fcche gegen den Betreiber, die durch die Nutzung der Website und\/oder der dargebotenen Inhalte, sind grunds\u00e4tzlich ausgeschlossen, sofern seitens des Betreibers kein nachweislich vors\u00e4tzliches oder grob fahrl\u00e4ssiges Verschulden vorliegt. Alle Angebote sind freibleibend und unverbindlich. Der Autor beh\u00e4lt es sich ausdr\u00fccklich vor, Teile der Seiten oder das gesamte Angebot ohne gesonderte Ank\u00fcndigung zu ver\u00e4ndern, zu erg\u00e4nzen, zu l\u00f6schen oder die Ver\u00f6ffentlichung zeitweise oder endg\u00fcltig einzustellen.<\/p>\n\n\n\n<h3 class=\"has-text-align-center wp-block-heading\">2. Urheberrecht<\/h3>\n\n\n\n<p class=\"has-text-align-center\">Alle Rechte, auch die der fotomechanischen &amp; audiovisuellen Wiedergabe, Vervielf\u00e4ltigung und der Verbreitung mittels besonderer Verfahren (zum Beispiel Datenverarbeitung, Datentr\u00e4ger und Datennetze), auch teilweise, beh\u00e4lt sich, wenn nicht anders genannt, Marc Brenken vor.<\/p>\n\n\n\n<h3 class=\"has-text-align-center wp-block-heading\">3. Links und Fremdeintr\u00e4ge<\/h3>\n\n\n\n<p class=\"has-text-align-center\">Bei direkten oder indirekten Verweisen auf fremde Internetseiten (&#8222;Links&#8220;), die ausserhalb des Verantwortungsbereiches des Betreibers liegen, wird f\u00fcr deren Inhalt keinerlei Haftung \u00fcbernommen, es sei denn der Betreiber macht sich diese ausdr\u00fccklich zu eigen. Eventuelle Verpflichtungen des Betreibers, Links zu rechtswidrigen Inhalten, von denen der Betreiber Kenntnis hat, zu l\u00f6schen, bleiben unber\u00fchrt. Das gleiche gilt f\u00fcr Fremdeintr\u00e4ge in vom Betreiber eingerichteten G\u00e4steb\u00fcchern, Diskussionsforen, Chats und Mailinglisten. Diese geben insbesondere nicht unbedingt die Meinung des Betreibers wieder.<\/p>\n\n\n\n<h3 class=\"has-text-align-center wp-block-heading\">4. Datenschutz<\/h3>\n\n\n\n<p class=\"has-text-align-center\">Sofern innerhalb des Internetangebotes die M\u00f6glichkeit zur Eingabe pers\u00f6nlicher oder gesch\u00e4ftlicher Daten (Emailadressen, Namen, Anschriften) besteht, so erfolgt die Preisgabe dieser Daten seitens des Nutzers auf ausdr\u00fccklich freiwilliger Basis. Die Inanspruchnahme aller angebotenen Dienste ist &#8211; soweit technisch m\u00f6glich und zumutbar &#8211; auch ohne Angabe solcher Daten bzw. unter Angabe anonymisierter Daten oder eines Pseudonyms gestattet. Der Autor versichert, dass eingegebene pers\u00f6nliche Daten lediglich durch den Betreiber dieser Website gespeichert und genutzt werden; eine Weitergabe an Dritte erfolgt nicht.<\/p>\n","protected":false},"excerpt":{"rendered":"<p>IMPRESSUM Verantwortlicher Betreiber der Webseite https:\/\/marcbrenken.com: Marc Brenken c\/o Katakomben-Theater Girardetstr. 8 45131 Essen Deutschland Tel. +49 178 6111163 E-Mail: marc [at] marcbrenken [dot] com HAFTUNGSAUSSCHLUSS 1. Inhalt des Onlineangebotes &#8230; <a title=\"IMPRESSUM\" class=\"read-more\" href=\"https:\/\/marcbrenken.com\/en\/impressum\/\" aria-label=\"Read more about IMPRESSUM\">Read more<\/a><\/p>\n","protected":false},"author":1,"featured_media":0,"parent":0,"menu_order":0,"comment_status":"closed","ping_status":"closed","template":"","meta":{"footnotes":""},"class_list":["post-1139","page","type-page","status-publish"],"_links":{"self":[{"href":"https:\/\/marcbrenken.com\/en\/wp-json\/wp\/v2\/pages\/1139","targetHints":{"allow":["GET"]}}],"collection":[{"href":"https:\/\/marcbrenken.com\/en\/wp-json\/wp\/v2\/pages"}],"about":[{"href":"https:\/\/marcbrenken.com\/en\/wp-json\/wp\/v2\/types\/page"}],"author":[{"embeddable":true,"href":"https:\/\/marcbrenken.com\/en\/wp-json\/wp\/v2\/users\/1"}],"replies":[{"embeddable":true,"href":"https:\/\/marcbrenken.com\/en\/wp-json\/wp\/v2\/comments?post=1139"}],"version-history":[{"count":5,"href":"https:\/\/marcbrenken.com\/en\/wp-json\/wp\/v2\/pages\/1139\/revisions"}],"predecessor-version":[{"id":1145,"href":"https:\/\/marcbrenken.com\/en\/wp-json\/wp\/v2\/pages\/1139\/revisions\/1145"}],"wp:attachment":[{"href":"https:\/\/marcbrenken.com\/en\/wp-json\/wp\/v2\/media?parent=1139"}],"curies":[{"name":"wp","href":"https:\/\/api.w.org\/{rel}","templated":true}]}}